{"id":202,"date":"2017-03-17T00:13:01","date_gmt":"2017-03-16T23:13:01","guid":{"rendered":"http:\/\/tocsy.pik-potsdam.de\/quest\/?page_id=202"},"modified":"2019-11-15T12:01:21","modified_gmt":"2019-11-15T11:01:21","slug":"in-the-media","status":"publish","type":"page","link":"https:\/\/quest.pik-potsdam.de\/?page_id=202","title":{"rendered":"In the media"},"content":{"rendered":"<h2>Newspaper\/ Newsletter\/ Press releases<\/h2>\n<p>September 2016: Press release &#8220;Giant see-saw of monsoon rains detected&#8221;, <a href=\"https:\/\/www.pik-potsdam.de\/news\/press-releases\/giant-see-saw-of-monsoon-rains-detected\">https:\/\/www.pik-potsdam.de\/news\/press-releases\/giant-see-saw-of-monsoon-rains-detected<\/a><\/p>\n<p>November 2016, Stuff: Newspaper article &#8220;Waikato University scientist&#8217;s cave study aims to measure climate change&#8221;, <a href=\"http:\/\/www.stuff.co.nz\/environment\/climate-news\/86619669\/waikato-university-scientists-cave-study-aims-to-measure-climate-change\">http:\/\/www.stuff.co.nz\/environment\/climate-news\/86619669\/waikato-university-scientists-cave-study-aims-to-measure-climate-change<\/a><\/p>\n<p>February 2017, Newsletter of the Speleo-Club Berlin (No. 94): &#8220;H\u00f6hlenforschung an den Antipoden&#8221;, <a href=\"http:\/\/scbnl.speleo-berlin.de\/SCBnewsletter94.pdf\">http:\/\/www.speleo-berlin.de\/de_aktuell.php<img loading=\"lazy\" decoding=\"async\" class=\"aligncenter wp-image-248\" src=\"http:\/\/tocsy.pik-potsdam.de\/quest\/wp-content\/uploads\/2017\/03\/SCBnewsletter94-300x131.jpg\" alt=\"\" width=\"458\" height=\"200\" srcset=\"https:\/\/quest.pik-potsdam.de\/wp-content\/uploads\/2017\/03\/SCBnewsletter94-300x131.jpg 300w, https:\/\/quest.pik-potsdam.de\/wp-content\/uploads\/2017\/03\/SCBnewsletter94-768x335.jpg 768w, https:\/\/quest.pik-potsdam.de\/wp-content\/uploads\/2017\/03\/SCBnewsletter94-1024x447.jpg 1024w, https:\/\/quest.pik-potsdam.de\/wp-content\/uploads\/2017\/03\/SCBnewsletter94.jpg 1653w\" sizes=\"auto, (max-width: 458px) 100vw, 458px\" \/><\/a><\/p>\n<p>March 2019, Newsletter of the Speleo-Club Berlin (No. 108): &#8220;Erste wissenschaftliche Erkenntnisse aus der Ble\u00dfbergh\u00f6hle&#8221;, <a href=\"http:\/\/www.speleo-berlin.de\/de_aktuell.php\">http:\/\/www.speleo-berlin.de\/de_aktuell.php<\/a><\/p>\n<p>June 2019, M\u00e4rkische Allgemeine Zeitung: &#8220;Tropfsteine berichten \u00fcber die Erderw\u00e4rmung&#8221;,\u00a0<a href=\"https:\/\/themenwelten.maz-online.de\/nacht-wissenschaften-telegrafenberg-mitmachexperiment-mosaic-expedition-arktis-potsdamer-awi-polarforscher-68420\">https:\/\/themenwelten.maz-online.de\/nacht-wissenschaften-telegrafenberg-mitmachexperiment-mosaic-expedition-arktis-potsdamer-awi-polarforscher-68420<\/a><\/p>\n<p>June 2019, Berliner Zeitung: \u201cCountdown zur Langen Nacht der Wissenschaften Tropfsteine als Geschichtsbuch\u201d, <a href=\"https:\/\/www.berliner-zeitung.de\/wissen\/countdown-zur-langen-nacht-der-wissenschaften-tropfsteine-als-geschichtsbuch-32689968\">https:\/\/www.berliner-zeitung.de\/wissen\/countdown-zur-langen-nacht-der-wissenschaften-tropfsteine-als-geschichtsbuch-32689968<\/a><\/p>\n<p><a href=\"https:\/\/quest.pik-potsdam.de\/wp-content\/uploads\/2019\/06\/berliner-zeitung-2019-06-14-Kopie.jpg\"><img loading=\"lazy\" decoding=\"async\" class=\"size-medium wp-image-753 aligncenter\" src=\"https:\/\/quest.pik-potsdam.de\/wp-content\/uploads\/2019\/06\/berliner-zeitung-2019-06-14-Kopie-300x132.jpg\" alt=\"\" width=\"300\" height=\"132\" srcset=\"https:\/\/quest.pik-potsdam.de\/wp-content\/uploads\/2019\/06\/berliner-zeitung-2019-06-14-Kopie-300x132.jpg 300w, https:\/\/quest.pik-potsdam.de\/wp-content\/uploads\/2019\/06\/berliner-zeitung-2019-06-14-Kopie-768x337.jpg 768w, https:\/\/quest.pik-potsdam.de\/wp-content\/uploads\/2019\/06\/berliner-zeitung-2019-06-14-Kopie-1024x450.jpg 1024w\" sizes=\"auto, (max-width: 300px) 100vw, 300px\" \/><\/a>August 2019\u2013October 2019, Newsletter of the Speleo-Club Berlin (No. 111\u2013113): \u201cJurassic Park, der Herr der Ringe und exzellenter Kaffee \u2013 H\u00f6hlenforschung an den Antipoden!\u201d, <a href=\"http:\/\/www.speleo-berlin.de\/de_aktuell.php\">http:\/\/www.speleo-berlin.de\/de_aktuell.php<\/a><\/p>\n<p>November 2019, PM Ruhr-Universit\u00e4t Bochum: \u201cThis is what the monsoon might look like in a warmer world\u201d, <a href=\"https:\/\/news.rub.de\/english\/press-releases\/2019-11-12-climatology-what-monsoon-might-look-warmer-world\">https:\/\/news.rub.de\/english\/press-releases\/2019-11-12-climatology-what-monsoon-might-look-warmer-world<\/a><\/p>\n<h2>Radio<\/h2>\n<p>January 2017, RNZ: Radio feature &#8220;Science commentator Beth Fox&#8221;, <a href=\"http:\/\/www.radionz.co.nz\/national\/programmes\/ninetonoon\/audio\/201830694\/science-commentator-beth-fox\">http:\/\/www.radionz.co.nz\/national\/programmes\/ninetonoon\/audio\/201830694\/science-commentator-beth-fox<\/a><\/p>\n<p>January 2017, RNZ: Radio feature &#8220;Waitomo Caves shut down for high carbon dioxide levels&#8221;, <a href=\"http:\/\/www.radionz.co.nz\/national\/programmes\/checkpoint\/audio\/201830769\/waitomo-caves-shut-down-for-high-carbon-dioxide-levels\">http:\/\/www.radionz.co.nz\/national\/programmes\/checkpoint\/audio\/201830769\/waitomo-caves-shut-down-for-high-carbon-dioxide-levels<\/a><\/p>\n<p>March 28, 2019, RNZ: Radio interview &#8220;Caves reveal past climate change&#8221;, <a href=\"https:\/\/www.radionz.co.nz\/national\/programmes\/ourchangingworld\/audio\/2018688270\/caves-reveal-past-climate-change\">https:\/\/www.radionz.co.nz\/national\/programmes\/ourchangingworld\/audio\/2018688270\/caves-reveal-past-climate-change<\/a><\/p>\n<h2>TV<\/h2>\n<p>January 2017, NZTV: TV report &#8220;Search for clues about how climate change will affect NZ heads deep underground&#8221;, <a href=\"https:\/\/www.tvnz.co.nz\/one-news\/new-zealand\/search-clues-climate-change-affect-nz-heads-deep-underground\">https:\/\/www.tvnz.co.nz\/one-news\/new-zealand\/search-clues-climate-change-affect-nz-heads-deep-underground<\/a><\/p>\n","protected":false},"excerpt":{"rendered":"<p>Newspaper\/ Newsletter\/ Press releases September 2016: Press release &#8220;Giant see-saw of monsoon rains detected&#8221;, https:\/\/www.pik-potsdam.de\/news\/press-releases\/giant-see-saw-of-monsoon-rains-detected November 2016, Stuff: Newspaper article &#8220;Waikato University scientist&#8217;s cave study aims to measure climate change&#8221;, http:\/\/www.stuff.co.nz\/environment\/climate-news\/86619669\/waikato-university-scientists-cave-study-aims-to-measure-climate-change February 2017, Newsletter of the Speleo-Club Berlin (No. 94): &#8220;H\u00f6hlenforschung an den Antipoden&#8221;, http:\/\/www.speleo-berlin.de\/de_aktuell.php March 2019, Newsletter of the Speleo-Club Berlin (No. 108): &#8220;Erste [&hellip;]<\/p>\n","protected":false},"author":1,"featured_media":0,"parent":13,"menu_order":0,"comment_status":"closed","ping_status":"closed","template":"","meta":{"footnotes":""},"class_list":["post-202","page","type-page","status-publish","hentry"],"_links":{"self":[{"href":"https:\/\/quest.pik-potsdam.de\/index.php?rest_route=\/wp\/v2\/pages\/202","targetHints":{"allow":["GET"]}}],"collection":[{"href":"https:\/\/quest.pik-potsdam.de\/index.php?rest_route=\/wp\/v2\/pages"}],"about":[{"href":"https:\/\/quest.pik-potsdam.de\/index.php?rest_route=\/wp\/v2\/types\/page"}],"author":[{"embeddable":true,"href":"https:\/\/quest.pik-potsdam.de\/index.php?rest_route=\/wp\/v2\/users\/1"}],"replies":[{"embeddable":true,"href":"https:\/\/quest.pik-potsdam.de\/index.php?rest_route=%2Fwp%2Fv2%2Fcomments&post=202"}],"version-history":[{"count":12,"href":"https:\/\/quest.pik-potsdam.de\/index.php?rest_route=\/wp\/v2\/pages\/202\/revisions"}],"predecessor-version":[{"id":781,"href":"https:\/\/quest.pik-potsdam.de\/index.php?rest_route=\/wp\/v2\/pages\/202\/revisions\/781"}],"up":[{"embeddable":true,"href":"https:\/\/quest.pik-potsdam.de\/index.php?rest_route=\/wp\/v2\/pages\/13"}],"wp:attachment":[{"href":"https:\/\/quest.pik-potsdam.de\/index.php?rest_route=%2Fwp%2Fv2%2Fmedia&parent=202"}],"curies":[{"name":"wp","href":"https:\/\/api.w.org\/{rel}","templated":true}]}}